{"id":1668,"date":"2023-10-23T11:47:37","date_gmt":"2023-10-23T09:47:37","guid":{"rendered":"https:\/\/www.sumbicycles.com\/green-mobility\/"},"modified":"2024-02-13T16:17:31","modified_gmt":"2024-02-13T15:17:31","slug":"green-mobility","status":"publish","type":"page","link":"https:\/\/www.sumbicycles.com\/de\/green-mobility\/","title":{"rendered":"Green Mobility"},"content":{"rendered":"<p>In einer \u00c4ra, in der Umwelt- und st\u00e4dtische Herausforderungen innovative L\u00f6sungen erfordern, sind die Urban Bikes und Cargo Bikes von SUM Solutions an vorderster Front einer Revolution in der nachhaltigen st\u00e4dtischen Mobilit\u00e4t.<\/p>\n<p>Gr\u00fcne Mobilit\u00e4t, die sich auf die Welt der st\u00e4dtischen Mobilit\u00e4t bezieht, ist der Eckpfeiler unserer Mission. Wir setzen uns daf\u00fcr ein, Umweltauswirkungen zu reduzieren und die Lebensqualit\u00e4t in der Stadt durch innovative Mobilit\u00e4tsl\u00f6sungen zu verbessern. Unsere Urban Bikes repr\u00e4sentieren einen bedeutenden Schritt in diese Richtung. Entworfen, um sich den Anforderungen des Stadtlebens anzupassen, bieten sie ein sauberes, praktisches und unterhaltsames Transportmittel. Dank ihres modernen und funktionalen Designs werden diese Fahrr\u00e4der zum idealen Mittel, um die Stadt zu erkunden, die Umweltverschmutzung zu reduzieren und zur Entlastung des Verkehrs beizutragen.<\/p>\n<p>Die Cargo Bikes von SUM Solutions sind ein weiterer grundlegender Pfeiler in unserer Vision der nachhaltigen st\u00e4dtischen Mobilit\u00e4t. Sie revolutionieren die Fortbewegung von Familien und Unternehmen in der Stadt und erm\u00f6glichen es Unternehmen, effiziente und umweltfreundliche Lieferungen durchzuf\u00fchren. Mit ihrer Wendigkeit \u00fcberwinden diese Lastenr\u00e4der die Herausforderungen des st\u00e4dtischen Verkehrs, reduzieren die Umweltauswirkungen von Lieferungen und verbessern die Luftqualit\u00e4t.<\/p>\n<p>F\u00fcr SUM Solutions ist Gr\u00fcne Mobilit\u00e4t nicht nur ein Trend, sondern eine Notwendigkeit. Unsere Mission ist es, Ver\u00e4nderungen voranzutreiben, indem wir nachhaltige Mobilit\u00e4tsl\u00f6sungen anbieten, die St\u00e4dte zu besseren Orten zum Leben und Arbeiten machen. Wir setzen uns daf\u00fcr ein, einen ges\u00fcnderen Lebensstil zu f\u00f6rdern, die Umweltverschmutzung zu reduzieren und die Luftqualit\u00e4t in St\u00e4dten zu verbessern.<\/p>\n","protected":false},"excerpt":{"rendered":"<p>In einer \u00c4ra, in der Umwelt- und st\u00e4dtische Herausforderungen innovative L\u00f6sungen erfordern, sind die Urban Bikes und Cargo Bikes von SUM Solutions an vorderster Front einer Revolution in der nachhaltigen st\u00e4dtischen Mobilit\u00e4t. Gr\u00fcne Mobilit\u00e4t, die sich auf die Welt der st\u00e4dtischen Mobilit\u00e4t bezieht, ist der Eckpfeiler unserer Mission. Wir setzen uns daf\u00fcr ein, Umweltauswirkungen zu [&hellip;]<\/p>\n","protected":false},"author":1,"featured_media":1518,"parent":0,"menu_order":0,"comment_status":"closed","ping_status":"closed","template":"templates\/template-greenlogistics.php","meta":{"_acf_changed":false,"footnotes":""},"class_list":["post-1668","page","type-page","status-publish","has-post-thumbnail","hentry"],"acf":[],"_links":{"self":[{"href":"https:\/\/www.sumbicycles.com\/de\/wp-json\/wp\/v2\/pages\/1668","targetHints":{"allow":["GET"]}}],"collection":[{"href":"https:\/\/www.sumbicycles.com\/de\/wp-json\/wp\/v2\/pages"}],"about":[{"href":"https:\/\/www.sumbicycles.com\/de\/wp-json\/wp\/v2\/types\/page"}],"author":[{"embeddable":true,"href":"https:\/\/www.sumbicycles.com\/de\/wp-json\/wp\/v2\/users\/1"}],"replies":[{"embeddable":true,"href":"https:\/\/www.sumbicycles.com\/de\/wp-json\/wp\/v2\/comments?post=1668"}],"version-history":[{"count":0,"href":"https:\/\/www.sumbicycles.com\/de\/wp-json\/wp\/v2\/pages\/1668\/revisions"}],"wp:featuredmedia":[{"embeddable":true,"href":"https:\/\/www.sumbicycles.com\/de\/wp-json\/wp\/v2\/media\/1518"}],"wp:attachment":[{"href":"https:\/\/www.sumbicycles.com\/de\/wp-json\/wp\/v2\/media?parent=1668"}],"curies":[{"name":"wp","href":"https:\/\/api.w.org\/{rel}","templated":true}]}}