{"id":1670,"date":"2023-10-22T18:02:09","date_gmt":"2023-10-22T16:02:09","guid":{"rendered":"https:\/\/www.sumbicycles.com\/homepage\/"},"modified":"2024-04-18T14:39:47","modified_gmt":"2024-04-18T12:39:47","slug":"homepage","status":"publish","type":"page","link":"https:\/\/www.sumbicycles.com\/de\/","title":{"rendered":"Homepage"},"content":{"rendered":"<h1 style=\"text-align: center;\">SUM &#8211; Sustainable Urban Mobility<\/h1>\n<p>Willkommen in der Welt von SUM Solutions, einer italienischen Marke, die im Design von Fahrr\u00e4dern f\u00fcr st\u00e4dtische Mobilit\u00e4t f\u00fchrend ist. Unsere Mission ist es, nachhaltige Mobilit\u00e4tsl\u00f6sungen f\u00fcr Familien und Unternehmen zu schaffen, um den Fahrzeugverkehr zu reduzieren und eine intelligente Nutzung des st\u00e4dtischen Raums mit auf die Bed\u00fcrfnisse aller zugeschnittenen L\u00f6sungen zu f\u00f6rdern. Unsere Fahrr\u00e4der machen nicht nur den Familientransport unterhaltsamer und \u00f6kologischer, sondern sind auch die ideale Wahl f\u00fcr die Bed\u00fcrfnisse von Logistikbetreibern und dem Handel.<\/p>\n","protected":false},"excerpt":{"rendered":"<p>SUM &#8211; Sustainable Urban Mobility Willkommen in der Welt von SUM Solutions, einer italienischen Marke, die im Design von Fahrr\u00e4dern f\u00fcr st\u00e4dtische Mobilit\u00e4t f\u00fchrend ist. Unsere Mission ist es, nachhaltige Mobilit\u00e4tsl\u00f6sungen f\u00fcr Familien und Unternehmen zu schaffen, um den Fahrzeugverkehr zu reduzieren und eine intelligente Nutzung des st\u00e4dtischen Raums mit auf die Bed\u00fcrfnisse aller zugeschnittenen [&hellip;]<\/p>\n","protected":false},"author":1,"featured_media":0,"parent":0,"menu_order":0,"comment_status":"closed","ping_status":"closed","template":"templates\/template-homepage.php","meta":{"_acf_changed":false,"footnotes":""},"class_list":["post-1670","page","type-page","status-publish","hentry"],"acf":[],"_links":{"self":[{"href":"https:\/\/www.sumbicycles.com\/de\/wp-json\/wp\/v2\/pages\/1670","targetHints":{"allow":["GET"]}}],"collection":[{"href":"https:\/\/www.sumbicycles.com\/de\/wp-json\/wp\/v2\/pages"}],"about":[{"href":"https:\/\/www.sumbicycles.com\/de\/wp-json\/wp\/v2\/types\/page"}],"author":[{"embeddable":true,"href":"https:\/\/www.sumbicycles.com\/de\/wp-json\/wp\/v2\/users\/1"}],"replies":[{"embeddable":true,"href":"https:\/\/www.sumbicycles.com\/de\/wp-json\/wp\/v2\/comments?post=1670"}],"version-history":[{"count":0,"href":"https:\/\/www.sumbicycles.com\/de\/wp-json\/wp\/v2\/pages\/1670\/revisions"}],"wp:attachment":[{"href":"https:\/\/www.sumbicycles.com\/de\/wp-json\/wp\/v2\/media?parent=1670"}],"curies":[{"name":"wp","href":"https:\/\/api.w.org\/{rel}","templated":true}]}}