{"id":2371,"date":"2023-10-23T11:47:09","date_gmt":"2023-10-23T09:47:09","guid":{"rendered":"https:\/\/www.sumbicycles.com\/azienda\/"},"modified":"2024-03-26T17:29:15","modified_gmt":"2024-03-26T16:29:15","slug":"azienda","status":"publish","type":"page","link":"https:\/\/www.sumbicycles.com\/es\/azienda\/","title":{"rendered":"Empresa"},"content":{"rendered":"<h3>SOBRE NOSOTROS<\/h3>\n<p>SUM Solutions es una marca italiana propiedad de One Less Van, parte de Alete Bikes.<br \/>\nAlete Bikes es un grupo industrial activo en la industria de las bicicletas que incluye DENVER Srl, Cicli Esperia SpA y OneLessVan Srl.<\/p>\n<p>SUM Solutions es una marca de vanguardia especializada en la producci\u00f3n de bicicletas urbanas innovadoras y vers\u00e1tiles. Nuestra misi\u00f3n es promover la movilidad sostenible, ofreciendo soluciones ideales para familias y empresas. Nuestras bicicletas urbanas no solo hacen que el transporte familiar sea m\u00e1s ecol\u00f3gico y divertido, sino que tambi\u00e9n representan una opci\u00f3n \u00f3ptima para satisfacer las necesidades log\u00edsticas de la \u00faltima milla y las entregas eficientes.<\/p>\n<p>En un mundo cada vez m\u00e1s congestionado por el tr\u00e1fico urbano, las bicicletas urbanas de SUM Solutions resultan ser una soluci\u00f3n pr\u00e1ctica y rentable. Con su agilidad y la capacidad de escapar de los atascos de tr\u00e1fico, se convierten en un valioso aliado para la movilidad en la ciudad. Al eliminar la necesidad de estacionamientos costosos y minimizar el impacto ambiental, las bicicletas urbanas de SUM Solutions representan el futuro de la movilidad.<\/p>\n","protected":false},"excerpt":{"rendered":"<p>SOBRE NOSOTROS SUM Solutions es una marca italiana propiedad de One Less Van, parte de Alete Bikes. Alete Bikes es un grupo industrial activo en la industria de las bicicletas que incluye DENVER Srl, Cicli Esperia SpA y OneLessVan Srl. SUM Solutions es una marca de vanguardia especializada en la producci\u00f3n de bicicletas urbanas innovadoras [&hellip;]<\/p>\n","protected":false},"author":1,"featured_media":840,"parent":0,"menu_order":0,"comment_status":"closed","ping_status":"closed","template":"templates\/template-corporate.php","meta":{"_acf_changed":false,"footnotes":""},"class_list":["post-2371","page","type-page","status-publish","has-post-thumbnail","hentry"],"acf":[],"_links":{"self":[{"href":"https:\/\/www.sumbicycles.com\/es\/wp-json\/wp\/v2\/pages\/2371","targetHints":{"allow":["GET"]}}],"collection":[{"href":"https:\/\/www.sumbicycles.com\/es\/wp-json\/wp\/v2\/pages"}],"about":[{"href":"https:\/\/www.sumbicycles.com\/es\/wp-json\/wp\/v2\/types\/page"}],"author":[{"embeddable":true,"href":"https:\/\/www.sumbicycles.com\/es\/wp-json\/wp\/v2\/users\/1"}],"replies":[{"embeddable":true,"href":"https:\/\/www.sumbicycles.com\/es\/wp-json\/wp\/v2\/comments?post=2371"}],"version-history":[{"count":0,"href":"https:\/\/www.sumbicycles.com\/es\/wp-json\/wp\/v2\/pages\/2371\/revisions"}],"wp:featuredmedia":[{"embeddable":true,"href":"https:\/\/www.sumbicycles.com\/es\/wp-json\/wp\/v2\/media\/840"}],"wp:attachment":[{"href":"https:\/\/www.sumbicycles.com\/es\/wp-json\/wp\/v2\/media?parent=2371"}],"curies":[{"name":"wp","href":"https:\/\/api.w.org\/{rel}","templated":true}]}}