{"id":2376,"date":"2023-10-23T11:47:37","date_gmt":"2023-10-23T09:47:37","guid":{"rendered":"https:\/\/www.sumbicycles.com\/green-mobility\/"},"modified":"2024-03-26T17:32:33","modified_gmt":"2024-03-26T16:32:33","slug":"green-mobility","status":"publish","type":"page","link":"https:\/\/www.sumbicycles.com\/es\/green-mobility\/","title":{"rendered":"Green Mobility"},"content":{"rendered":"<p>En una \u00e9poca en la que los desaf\u00edos ambientales y urbanos demandan soluciones innovadoras, las Urban Bikes y Cargo Bikes de SUM Solutions est\u00e1n a la vanguardia de una revoluci\u00f3n en el campo de la movilidad urbana sostenible.<\/p>\n<p>La Movilidad Verde, referida al mundo de la movilidad urbana, es la piedra angular de nuestra misi\u00f3n. Nos comprometemos a reducir el impacto ambiental y mejorar la calidad de vida urbana mediante soluciones de movilidad innovadoras. Nuestras Urban Bikes representan un paso significativo en esta direcci\u00f3n. Dise\u00f1adas para adaptarse a las necesidades de la vida en la ciudad, ofrecen un medio de transporte limpio, pr\u00e1ctico y divertido. Gracias a su dise\u00f1o moderno y funcional, estas bicicletas se convierten en la forma ideal de explorar la ciudad, reduciendo la contaminaci\u00f3n y contribuyendo a aliviar la congesti\u00f3n del tr\u00e1fico.<\/p>\n<p>Las Cargo Bikes de SUM Solutions representan otro pilar fundamental en nuestra visi\u00f3n de la movilidad urbana sostenible. Revolucionan los desplazamientos en la ciudad de familias y empresas, permitiendo a las compa\u00f1\u00edas realizar entregas eficientes y ecol\u00f3gicas. Con su agilidad, estas cargo bikes superan los desaf\u00edos del tr\u00e1fico urbano, reduciendo el impacto ambiental de las entregas y mejorando la calidad del aire.<\/p>\n<p>Para SUM Solutions, la Movilidad Verde no es solo una tendencia, sino una necesidad. Nuestra misi\u00f3n es liderar el cambio, ofreciendo soluciones de movilidad sostenible que hagan de las ciudades lugares mejores para vivir y trabajar. Nos comprometemos a promover un estilo de vida m\u00e1s saludable, reducir la contaminaci\u00f3n y mejorar la calidad del aire en las ciudades.<\/p>\n","protected":false},"excerpt":{"rendered":"<p>En una \u00e9poca en la que los desaf\u00edos ambientales y urbanos demandan soluciones innovadoras, las Urban Bikes y Cargo Bikes de SUM Solutions est\u00e1n a la vanguardia de una revoluci\u00f3n en el campo de la movilidad urbana sostenible. La Movilidad Verde, referida al mundo de la movilidad urbana, es la piedra angular de nuestra misi\u00f3n. [&hellip;]<\/p>\n","protected":false},"author":1,"featured_media":1521,"parent":0,"menu_order":0,"comment_status":"closed","ping_status":"closed","template":"templates\/template-greenlogistics.php","meta":{"_acf_changed":false,"footnotes":""},"class_list":["post-2376","page","type-page","status-publish","has-post-thumbnail","hentry"],"acf":[],"_links":{"self":[{"href":"https:\/\/www.sumbicycles.com\/es\/wp-json\/wp\/v2\/pages\/2376","targetHints":{"allow":["GET"]}}],"collection":[{"href":"https:\/\/www.sumbicycles.com\/es\/wp-json\/wp\/v2\/pages"}],"about":[{"href":"https:\/\/www.sumbicycles.com\/es\/wp-json\/wp\/v2\/types\/page"}],"author":[{"embeddable":true,"href":"https:\/\/www.sumbicycles.com\/es\/wp-json\/wp\/v2\/users\/1"}],"replies":[{"embeddable":true,"href":"https:\/\/www.sumbicycles.com\/es\/wp-json\/wp\/v2\/comments?post=2376"}],"version-history":[{"count":0,"href":"https:\/\/www.sumbicycles.com\/es\/wp-json\/wp\/v2\/pages\/2376\/revisions"}],"wp:featuredmedia":[{"embeddable":true,"href":"https:\/\/www.sumbicycles.com\/es\/wp-json\/wp\/v2\/media\/1521"}],"wp:attachment":[{"href":"https:\/\/www.sumbicycles.com\/es\/wp-json\/wp\/v2\/media?parent=2376"}],"curies":[{"name":"wp","href":"https:\/\/api.w.org\/{rel}","templated":true}]}}