{"id":2377,"date":"2023-10-22T18:02:09","date_gmt":"2023-10-22T16:02:09","guid":{"rendered":"https:\/\/www.sumbicycles.com\/homepage\/"},"modified":"2024-04-18T14:40:51","modified_gmt":"2024-04-18T12:40:51","slug":"homepage","status":"publish","type":"page","link":"https:\/\/www.sumbicycles.com\/es\/","title":{"rendered":"Homepage"},"content":{"rendered":"<h1 style=\"text-align: center;\">SUM &#8211; Sustainable Urban Mobility<\/h1>\n<p>Bienvenido al mundo de SUM Solutions, una marca italiana l\u00edder en el dise\u00f1o de bicicletas para la movilidad urbana. Nuestra misi\u00f3n es crear soluciones de movilidad sostenible para familias y empresas, contribuyendo a la reducci\u00f3n del tr\u00e1fico vehicular y promoviendo un uso inteligente del espacio urbano con soluciones adaptadas a las necesidades de todos.<br \/>\nNuestras bicicletas no solo hacen que el transporte familiar sea m\u00e1s divertido y ecol\u00f3gico, sino que tambi\u00e9n son la elecci\u00f3n ideal para las necesidades de los operadores log\u00edsticos y del comercio.<\/p>\n","protected":false},"excerpt":{"rendered":"<p>SUM &#8211; Sustainable Urban Mobility Bienvenido al mundo de SUM Solutions, una marca italiana l\u00edder en el dise\u00f1o de bicicletas para la movilidad urbana. Nuestra misi\u00f3n es crear soluciones de movilidad sostenible para familias y empresas, contribuyendo a la reducci\u00f3n del tr\u00e1fico vehicular y promoviendo un uso inteligente del espacio urbano con soluciones adaptadas a [&hellip;]<\/p>\n","protected":false},"author":1,"featured_media":0,"parent":0,"menu_order":0,"comment_status":"closed","ping_status":"closed","template":"templates\/template-homepage.php","meta":{"_acf_changed":false,"footnotes":""},"class_list":["post-2377","page","type-page","status-publish","hentry"],"acf":[],"_links":{"self":[{"href":"https:\/\/www.sumbicycles.com\/es\/wp-json\/wp\/v2\/pages\/2377","targetHints":{"allow":["GET"]}}],"collection":[{"href":"https:\/\/www.sumbicycles.com\/es\/wp-json\/wp\/v2\/pages"}],"about":[{"href":"https:\/\/www.sumbicycles.com\/es\/wp-json\/wp\/v2\/types\/page"}],"author":[{"embeddable":true,"href":"https:\/\/www.sumbicycles.com\/es\/wp-json\/wp\/v2\/users\/1"}],"replies":[{"embeddable":true,"href":"https:\/\/www.sumbicycles.com\/es\/wp-json\/wp\/v2\/comments?post=2377"}],"version-history":[{"count":0,"href":"https:\/\/www.sumbicycles.com\/es\/wp-json\/wp\/v2\/pages\/2377\/revisions"}],"wp:attachment":[{"href":"https:\/\/www.sumbicycles.com\/es\/wp-json\/wp\/v2\/media?parent=2377"}],"curies":[{"name":"wp","href":"https:\/\/api.w.org\/{rel}","templated":true}]}}