{"id":2140,"date":"2023-10-23T11:47:09","date_gmt":"2023-10-23T09:47:09","guid":{"rendered":"https:\/\/www.sumbicycles.com\/azienda\/"},"modified":"2024-03-15T17:59:22","modified_gmt":"2024-03-15T16:59:22","slug":"entreprise","status":"publish","type":"page","link":"https:\/\/www.sumbicycles.com\/fr\/entreprise\/","title":{"rendered":"Entreprise"},"content":{"rendered":"<h3>\u00c0 PROPOS DE NOUS<\/h3>\n<p>SUM Solutions est une marque italienne appartenant \u00e0 One Less Van, faisant partie d&rsquo;Alete Bikes. Alete Bikes est un groupe industriel actif dans l&rsquo;industrie du v\u00e9lo, comprenant DENVER Srl, Cicli Esperia SpA et OneLessVan Srl.<\/p>\n<p>SUM Solutions est une marque de pointe sp\u00e9cialis\u00e9e dans la production de v\u00e9los urbains innovants et polyvalents. Notre mission est de promouvoir la mobilit\u00e9 durable en offrant des solutions id\u00e9ales pour les familles et les entreprises. Nos v\u00e9los urbains ne rendent pas seulement le transport familial plus \u00e9cologique et agr\u00e9able, mais repr\u00e9sentent \u00e9galement un choix optimal pour r\u00e9pondre aux besoins logistiques du dernier kilom\u00e8tre et aux livraisons efficaces.<\/p>\n<p>Dans un monde de plus en plus congestionn\u00e9 par la circulation urbaine, les v\u00e9los urbains de SUM Solutions se r\u00e9v\u00e8lent \u00eatre une solution pratique et \u00e9conomique. Gr\u00e2ce \u00e0 leur agilit\u00e9 et \u00e0 leur capacit\u00e9 \u00e0 \u00e9chapper aux embouteillages, ils deviennent un alli\u00e9 pr\u00e9cieux pour la mobilit\u00e9 en ville. En \u00e9liminant le besoin de parkings co\u00fbteux et en r\u00e9duisant au minimum l&rsquo;impact environnemental, les v\u00e9los urbains de SUM Solutions repr\u00e9sentent l&rsquo;avenir de la mobilit\u00e9.<\/p>\n","protected":false},"excerpt":{"rendered":"<p>\u00c0 PROPOS DE NOUS SUM Solutions est une marque italienne appartenant \u00e0 One Less Van, faisant partie d&rsquo;Alete Bikes. Alete Bikes est un groupe industriel actif dans l&rsquo;industrie du v\u00e9lo, comprenant DENVER Srl, Cicli Esperia SpA et OneLessVan Srl. SUM Solutions est une marque de pointe sp\u00e9cialis\u00e9e dans la production de v\u00e9los urbains innovants et [&hellip;]<\/p>\n","protected":false},"author":1,"featured_media":837,"parent":0,"menu_order":0,"comment_status":"closed","ping_status":"closed","template":"templates\/template-corporate.php","meta":{"_acf_changed":false,"footnotes":""},"class_list":["post-2140","page","type-page","status-publish","has-post-thumbnail","hentry"],"acf":[],"_links":{"self":[{"href":"https:\/\/www.sumbicycles.com\/fr\/wp-json\/wp\/v2\/pages\/2140","targetHints":{"allow":["GET"]}}],"collection":[{"href":"https:\/\/www.sumbicycles.com\/fr\/wp-json\/wp\/v2\/pages"}],"about":[{"href":"https:\/\/www.sumbicycles.com\/fr\/wp-json\/wp\/v2\/types\/page"}],"author":[{"embeddable":true,"href":"https:\/\/www.sumbicycles.com\/fr\/wp-json\/wp\/v2\/users\/1"}],"replies":[{"embeddable":true,"href":"https:\/\/www.sumbicycles.com\/fr\/wp-json\/wp\/v2\/comments?post=2140"}],"version-history":[{"count":0,"href":"https:\/\/www.sumbicycles.com\/fr\/wp-json\/wp\/v2\/pages\/2140\/revisions"}],"wp:featuredmedia":[{"embeddable":true,"href":"https:\/\/www.sumbicycles.com\/fr\/wp-json\/wp\/v2\/media\/837"}],"wp:attachment":[{"href":"https:\/\/www.sumbicycles.com\/fr\/wp-json\/wp\/v2\/media?parent=2140"}],"curies":[{"name":"wp","href":"https:\/\/api.w.org\/{rel}","templated":true}]}}