{"id":2146,"date":"2023-10-22T18:02:09","date_gmt":"2023-10-22T16:02:09","guid":{"rendered":"https:\/\/www.sumbicycles.com\/homepage\/"},"modified":"2024-04-18T14:39:30","modified_gmt":"2024-04-18T12:39:30","slug":"homepage","status":"publish","type":"page","link":"https:\/\/www.sumbicycles.com\/fr\/","title":{"rendered":"Homepage"},"content":{"rendered":"<h1 style=\"text-align: center;\">SUM &#8211; Sustainable Urban Mobility<\/h1>\n<p>Bienvenue dans le monde de SUM Solutions, une marque italienne \u00e0 la pointe de la conception de v\u00e9los pour la mobilit\u00e9 urbaine. Notre mission est de cr\u00e9er des solutions de mobilit\u00e9 durable pour les familles et les entreprises, contribuant \u00e0 la r\u00e9duction du trafic automobile et favorisant une utilisation intelligente de l&rsquo;espace urbain avec des solutions adapt\u00e9es aux besoins de chacun.<br \/>\nNos v\u00e9los rendent non seulement le transport familial plus amusant et \u00e9cologique, mais sont \u00e9galement le choix id\u00e9al pour les besoins des op\u00e9rateurs logistiques et du commerce.<\/p>\n","protected":false},"excerpt":{"rendered":"<p>SUM &#8211; Sustainable Urban Mobility Bienvenue dans le monde de SUM Solutions, une marque italienne \u00e0 la pointe de la conception de v\u00e9los pour la mobilit\u00e9 urbaine. Notre mission est de cr\u00e9er des solutions de mobilit\u00e9 durable pour les familles et les entreprises, contribuant \u00e0 la r\u00e9duction du trafic automobile et favorisant une utilisation intelligente [&hellip;]<\/p>\n","protected":false},"author":1,"featured_media":0,"parent":0,"menu_order":0,"comment_status":"closed","ping_status":"closed","template":"templates\/template-homepage.php","meta":{"_acf_changed":false,"footnotes":""},"class_list":["post-2146","page","type-page","status-publish","hentry"],"acf":[],"_links":{"self":[{"href":"https:\/\/www.sumbicycles.com\/fr\/wp-json\/wp\/v2\/pages\/2146","targetHints":{"allow":["GET"]}}],"collection":[{"href":"https:\/\/www.sumbicycles.com\/fr\/wp-json\/wp\/v2\/pages"}],"about":[{"href":"https:\/\/www.sumbicycles.com\/fr\/wp-json\/wp\/v2\/types\/page"}],"author":[{"embeddable":true,"href":"https:\/\/www.sumbicycles.com\/fr\/wp-json\/wp\/v2\/users\/1"}],"replies":[{"embeddable":true,"href":"https:\/\/www.sumbicycles.com\/fr\/wp-json\/wp\/v2\/comments?post=2146"}],"version-history":[{"count":0,"href":"https:\/\/www.sumbicycles.com\/fr\/wp-json\/wp\/v2\/pages\/2146\/revisions"}],"wp:attachment":[{"href":"https:\/\/www.sumbicycles.com\/fr\/wp-json\/wp\/v2\/media?parent=2146"}],"curies":[{"name":"wp","href":"https:\/\/api.w.org\/{rel}","templated":true}]}}