{"id":1771,"date":"2023-10-23T11:47:09","date_gmt":"2023-10-23T09:47:09","guid":{"rendered":"https:\/\/www.sumbicycles.com\/azienda\/"},"modified":"2024-02-21T11:15:49","modified_gmt":"2024-02-21T10:15:49","slug":"firma","status":"publish","type":"page","link":"https:\/\/www.sumbicycles.com\/pl\/firma\/","title":{"rendered":"Firma"},"content":{"rendered":"<h3>O NAS<\/h3>\n<p>SUM Solutions to w\u0142oska marka nale\u017c\u0105ca do One Less Van, cz\u0119\u015b\u0107 Alete Bikes. Alete Bikes to grupa przemys\u0142owa aktywna w bran\u017cy rowerowej, obejmuj\u0105ca DENVER Srl, Cicli Esperia SpA i OneLessVan Srl.<\/p>\n<p>SUM Solutions to marka zorientowana na innowacyjn\u0105 i wszechstronn\u0105 produkcj\u0119 rower\u00f3w miejskich. Nasza misja polega na promowaniu zr\u00f3wnowa\u017conej mobilno\u015bci, oferuj\u0105c idealne rozwi\u0105zania dla rodzin i firm. Nasze rowery miejskie nie tylko sprawiaj\u0105, \u017ce transport rodzinny staje si\u0119 bardziej ekologiczny i przyjemny, ale tak\u017ce stanowi\u0105 optymalny wyb\u00f3r, aby sprosta\u0107 logistycznym potrzebom ostatniej mili i efektywnych dostaw.<\/p>\n<p>W \u015bwiecie coraz bardziej zat\u0142oczonego miejskiego ruchu, rowery miejskie SUM Solutions okazuj\u0105 si\u0119 praktycznym i kosztowo efektywnym rozwi\u0105zaniem. Dzi\u0119ki ich zwinno\u015bci i zdolno\u015bci do unikania kork\u00f3w drogowych, staj\u0105 si\u0119 cennym sojusznikiem mobilno\u015bci miejskiej. Eliminuj\u0105c potrzeb\u0119 drogich parking\u00f3w i minimalizuj\u0105c wp\u0142yw na \u015brodowisko, rowery miejskie SUM Solutions reprezentuj\u0105 przysz\u0142o\u015b\u0107 mobilno\u015bci.<\/p>\n","protected":false},"excerpt":{"rendered":"<p>O NAS SUM Solutions to w\u0142oska marka nale\u017c\u0105ca do One Less Van, cz\u0119\u015b\u0107 Alete Bikes. Alete Bikes to grupa przemys\u0142owa aktywna w bran\u017cy rowerowej, obejmuj\u0105ca DENVER Srl, Cicli Esperia SpA i OneLessVan Srl. SUM Solutions to marka zorientowana na innowacyjn\u0105 i wszechstronn\u0105 produkcj\u0119 rower\u00f3w miejskich. Nasza misja polega na promowaniu zr\u00f3wnowa\u017conej mobilno\u015bci, oferuj\u0105c idealne rozwi\u0105zania [&hellip;]<\/p>\n","protected":false},"author":1,"featured_media":839,"parent":0,"menu_order":0,"comment_status":"closed","ping_status":"closed","template":"templates\/template-corporate.php","meta":{"_acf_changed":false,"footnotes":""},"class_list":["post-1771","page","type-page","status-publish","has-post-thumbnail","hentry"],"acf":[],"_links":{"self":[{"href":"https:\/\/www.sumbicycles.com\/pl\/wp-json\/wp\/v2\/pages\/1771","targetHints":{"allow":["GET"]}}],"collection":[{"href":"https:\/\/www.sumbicycles.com\/pl\/wp-json\/wp\/v2\/pages"}],"about":[{"href":"https:\/\/www.sumbicycles.com\/pl\/wp-json\/wp\/v2\/types\/page"}],"author":[{"embeddable":true,"href":"https:\/\/www.sumbicycles.com\/pl\/wp-json\/wp\/v2\/users\/1"}],"replies":[{"embeddable":true,"href":"https:\/\/www.sumbicycles.com\/pl\/wp-json\/wp\/v2\/comments?post=1771"}],"version-history":[{"count":0,"href":"https:\/\/www.sumbicycles.com\/pl\/wp-json\/wp\/v2\/pages\/1771\/revisions"}],"wp:featuredmedia":[{"embeddable":true,"href":"https:\/\/www.sumbicycles.com\/pl\/wp-json\/wp\/v2\/media\/839"}],"wp:attachment":[{"href":"https:\/\/www.sumbicycles.com\/pl\/wp-json\/wp\/v2\/media?parent=1771"}],"curies":[{"name":"wp","href":"https:\/\/api.w.org\/{rel}","templated":true}]}}