{"id":1775,"date":"2023-10-23T11:47:37","date_gmt":"2023-10-23T09:47:37","guid":{"rendered":"https:\/\/www.sumbicycles.com\/green-mobility\/"},"modified":"2024-02-21T11:19:38","modified_gmt":"2024-02-21T10:19:38","slug":"green-mobility","status":"publish","type":"page","link":"https:\/\/www.sumbicycles.com\/pl\/green-mobility\/","title":{"rendered":"Green Mobility"},"content":{"rendered":"<p>W czasach, gdy wyzwania zwi\u0105zane z ochron\u0105 \u015brodowiska i \u017cyciem miejskim wymagaj\u0105 innowacyjnych rozwi\u0105za\u0144, Urban Bikes i Cargo Bikes od SUM Solutions s\u0105 pionierami rewolucji w dziedzinie zr\u00f3wnowa\u017conej mobilno\u015bci miejskiej.<\/p>\n<p>Zielona Mobilno\u015b\u0107, dotycz\u0105ca \u015bwiata mobilno\u015bci miejskiej, stanowi fundament naszej misji. Zobowi\u0105zujemy si\u0119 do redukcji wp\u0142ywu na \u015brodowisko i poprawy jako\u015bci \u017cycia miejskiego dzi\u0119ki innowacyjnym rozwi\u0105zaniom mobilno\u015bci. Nasze Urban Bikes stanowi\u0105 istotny krok w tym kierunku. Zaprojektowane, aby dostosowa\u0107 si\u0119 do potrzeb miejskiego \u017cycia, oferuj\u0105 czysty, praktyczny i przyjemny \u015brodek transportu. Dzi\u0119ki nowoczesnemu i funkcjonalnemu designowi te rowery staj\u0105 si\u0119 idealnym sposobem na zwiedzanie miasta, redukuj\u0105c zanieczyszczenie i przyczyniaj\u0105c si\u0119 do ul\u017cenia korkom.<\/p>\n<p>Cargo Bikes od SUM Solutions stanowi\u0105 kolejny istotny filar naszej wizji zr\u00f3wnowa\u017conej mobilno\u015bci miejskiej. Rewolucjonizuj\u0105 komunikacj\u0119 miejsk\u0105 dla rodzin i firm, umo\u017cliwiaj\u0105c firmom efektywne i ekologiczne dostawy. Dzi\u0119ki ich zwinno\u015bci te rowery cargo radz\u0105 sobie z wyzwaniami miejskiego ruchu, zmniejszaj\u0105c wp\u0142yw \u015brodowiskowy dostaw i poprawiaj\u0105c jako\u015b\u0107 powietrza.<\/p>\n<p>Dla SUM Solutions, Zielona Mobilno\u015b\u0107 to nie tylko trend, ale konieczno\u015b\u0107. Nasz\u0105 misj\u0105 jest naprowadzanie zmian, dostarczaj\u0105c rozwi\u0105zania zr\u00f3wnowa\u017conej mobilno\u015bci, kt\u00f3re uczyni\u0105 z miast lepsze miejsca do \u017cycia i pracy. Zobowi\u0105zujemy si\u0119 do promowania zdrowszego stylu \u017cycia, redukcji zanieczyszcze\u0144 i poprawy jako\u015bci powietrza w miastach.<\/p>\n","protected":false},"excerpt":{"rendered":"<p>W czasach, gdy wyzwania zwi\u0105zane z ochron\u0105 \u015brodowiska i \u017cyciem miejskim wymagaj\u0105 innowacyjnych rozwi\u0105za\u0144, Urban Bikes i Cargo Bikes od SUM Solutions s\u0105 pionierami rewolucji w dziedzinie zr\u00f3wnowa\u017conej mobilno\u015bci miejskiej. Zielona Mobilno\u015b\u0107, dotycz\u0105ca \u015bwiata mobilno\u015bci miejskiej, stanowi fundament naszej misji. Zobowi\u0105zujemy si\u0119 do redukcji wp\u0142ywu na \u015brodowisko i poprawy jako\u015bci \u017cycia miejskiego dzi\u0119ki innowacyjnym rozwi\u0105zaniom [&hellip;]<\/p>\n","protected":false},"author":1,"featured_media":1520,"parent":0,"menu_order":0,"comment_status":"closed","ping_status":"closed","template":"templates\/template-greenlogistics.php","meta":{"_acf_changed":false,"footnotes":""},"class_list":["post-1775","page","type-page","status-publish","has-post-thumbnail","hentry"],"acf":[],"_links":{"self":[{"href":"https:\/\/www.sumbicycles.com\/pl\/wp-json\/wp\/v2\/pages\/1775","targetHints":{"allow":["GET"]}}],"collection":[{"href":"https:\/\/www.sumbicycles.com\/pl\/wp-json\/wp\/v2\/pages"}],"about":[{"href":"https:\/\/www.sumbicycles.com\/pl\/wp-json\/wp\/v2\/types\/page"}],"author":[{"embeddable":true,"href":"https:\/\/www.sumbicycles.com\/pl\/wp-json\/wp\/v2\/users\/1"}],"replies":[{"embeddable":true,"href":"https:\/\/www.sumbicycles.com\/pl\/wp-json\/wp\/v2\/comments?post=1775"}],"version-history":[{"count":0,"href":"https:\/\/www.sumbicycles.com\/pl\/wp-json\/wp\/v2\/pages\/1775\/revisions"}],"wp:featuredmedia":[{"embeddable":true,"href":"https:\/\/www.sumbicycles.com\/pl\/wp-json\/wp\/v2\/media\/1520"}],"wp:attachment":[{"href":"https:\/\/www.sumbicycles.com\/pl\/wp-json\/wp\/v2\/media?parent=1775"}],"curies":[{"name":"wp","href":"https:\/\/api.w.org\/{rel}","templated":true}]}}