{"id":2667,"date":"2023-10-23T11:47:09","date_gmt":"2023-10-23T09:47:09","guid":{"rendered":"https:\/\/www.sumbicycles.com\/azienda\/"},"modified":"2024-04-12T15:41:33","modified_gmt":"2024-04-12T13:41:33","slug":"empresa","status":"publish","type":"page","link":"https:\/\/www.sumbicycles.com\/pt-pt\/empresa\/","title":{"rendered":"Empresa"},"content":{"rendered":"<h3>SOBRE N\u00d3S<\/h3>\n<p>A SUM Solutions \u00e9 uma marca italiana pertencente \u00e0 One Less Van, parte do grupo Alete Bikes. A Alete Bikes \u00e9 um grupo industrial ativo no setor de bicicletas, que inclui a DENVER Srl, a Cicli Esperia SpA e a OneLessVan Srl.<\/p>\n<p>A SUM Solutions \u00e9 uma marca de vanguarda especializada na produ\u00e7\u00e3o de bicicletas urbanas inovadoras e vers\u00e1teis. Nossa miss\u00e3o \u00e9 promover a mobilidade sustent\u00e1vel, fornecendo solu\u00e7\u00f5es ideais para fam\u00edlias e empresas. Nossas bicicletas urbanas n\u00e3o s\u00f3 tornam o transporte familiar mais ecol\u00f3gico e agrad\u00e1vel, mas tamb\u00e9m representam uma escolha \u00f3tima para atender \u00e0s necessidades de log\u00edstica de \u00faltima milha e entrega eficiente.<\/p>\n<p>Em um mundo cada vez mais congestionado pelo tr\u00e1fego urbano, as bicicletas urbanas da SUM Solutions provam ser uma solu\u00e7\u00e3o pr\u00e1tica e econ\u00f4mica. Com sua agilidade e capacidade de escapar dos engarrafamentos, elas se tornam uma aliada valiosa para a mobilidade da cidade. Eliminando a necessidade de estacionamento caro e minimizando o impacto ambiental, as bicicletas urbanas da SUM Solutions representam o futuro da mobilidade.<\/p>\n","protected":false},"excerpt":{"rendered":"<p>SOBRE N\u00d3S A SUM Solutions \u00e9 uma marca italiana pertencente \u00e0 One Less Van, parte do grupo Alete Bikes. A Alete Bikes \u00e9 um grupo industrial ativo no setor de bicicletas, que inclui a DENVER Srl, a Cicli Esperia SpA e a OneLessVan Srl. A SUM Solutions \u00e9 uma marca de vanguarda especializada na produ\u00e7\u00e3o [&hellip;]<\/p>\n","protected":false},"author":1,"featured_media":2671,"parent":0,"menu_order":0,"comment_status":"closed","ping_status":"closed","template":"templates\/template-corporate.php","meta":{"_acf_changed":false,"footnotes":""},"class_list":["post-2667","page","type-page","status-publish","has-post-thumbnail","hentry"],"acf":[],"_links":{"self":[{"href":"https:\/\/www.sumbicycles.com\/pt-pt\/wp-json\/wp\/v2\/pages\/2667","targetHints":{"allow":["GET"]}}],"collection":[{"href":"https:\/\/www.sumbicycles.com\/pt-pt\/wp-json\/wp\/v2\/pages"}],"about":[{"href":"https:\/\/www.sumbicycles.com\/pt-pt\/wp-json\/wp\/v2\/types\/page"}],"author":[{"embeddable":true,"href":"https:\/\/www.sumbicycles.com\/pt-pt\/wp-json\/wp\/v2\/users\/1"}],"replies":[{"embeddable":true,"href":"https:\/\/www.sumbicycles.com\/pt-pt\/wp-json\/wp\/v2\/comments?post=2667"}],"version-history":[{"count":0,"href":"https:\/\/www.sumbicycles.com\/pt-pt\/wp-json\/wp\/v2\/pages\/2667\/revisions"}],"wp:featuredmedia":[{"embeddable":true,"href":"https:\/\/www.sumbicycles.com\/pt-pt\/wp-json\/wp\/v2\/media\/2671"}],"wp:attachment":[{"href":"https:\/\/www.sumbicycles.com\/pt-pt\/wp-json\/wp\/v2\/media?parent=2667"}],"curies":[{"name":"wp","href":"https:\/\/api.w.org\/{rel}","templated":true}]}}